{"id":108,"date":"2023-02-17T11:50:02","date_gmt":"2023-02-17T10:50:02","guid":{"rendered":"http:\/\/wordpress.eusendor.com\/more-information\/"},"modified":"2023-03-01T15:05:17","modified_gmt":"2023-03-01T14:05:17","slug":"more-information","status":"publish","type":"page","link":"https:\/\/www.eusendor.com\/en\/more-information\/","title":{"rendered":"More Information"},"content":{"rendered":"\t\t<div data-elementor-type=\"wp-page\" data-elementor-id=\"108\" class=\"elementor elementor-108 elementor-38\" data-elementor-post-type=\"page\">\n\t\t\t\t\t\t<section class=\"elementor-section elementor-top-section elementor-element elementor-element-5de6e55 elementor-section-boxed elementor-section-height-default elementor-section-height-default\" data-id=\"5de6e55\" data-element_type=\"section\" data-e-type=\"section\">\n\t\t\t\t\t\t<div class=\"elementor-container elementor-column-gap-default\">\n\t\t\t\t\t<div class=\"elementor-column elementor-col-100 elementor-top-column elementor-element elementor-element-87cc6ea\" data-id=\"87cc6ea\" data-element_type=\"column\" data-e-type=\"column\">\n\t\t\t<div class=\"elementor-widget-wrap elementor-element-populated\">\n\t\t\t\t\t\t<div class=\"elementor-element elementor-element-dcaa58d elementor-widget elementor-widget-heading\" data-id=\"dcaa58d\" data-element_type=\"widget\" data-e-type=\"widget\" data-widget_type=\"heading.default\">\n\t\t\t\t<div class=\"elementor-widget-container\">\n\t\t\t\t\t<h1 class=\"elementor-heading-title elementor-size-default\">More Information<\/h1>\t\t\t\t<\/div>\n\t\t\t\t<\/div>\n\t\t\t\t\t<\/div>\n\t\t<\/div>\n\t\t\t\t\t<\/div>\n\t\t<\/section>\n\t\t\t\t<section class=\"elementor-section elementor-top-section elementor-element elementor-element-3eaec82 elementor-section-boxed elementor-section-height-default elementor-section-height-default\" data-id=\"3eaec82\" data-element_type=\"section\" data-e-type=\"section\">\n\t\t\t\t\t\t<div class=\"elementor-container elementor-column-gap-default\">\n\t\t\t\t\t<div class=\"elementor-column elementor-col-100 elementor-top-column elementor-element elementor-element-514ae5d\" data-id=\"514ae5d\" data-element_type=\"column\" data-e-type=\"column\">\n\t\t\t<div class=\"elementor-widget-wrap elementor-element-populated\">\n\t\t\t\t\t\t<div class=\"elementor-element elementor-element-1c72424 elementor-widget elementor-widget-text-editor\" data-id=\"1c72424\" data-element_type=\"widget\" data-e-type=\"widget\" data-widget_type=\"text-editor.default\">\n\t\t\t\t<div class=\"elementor-widget-container\">\n\t\t\t\t\t\t\t\t\t<p><em>The latest publications by EUSENDOR authors and others<\/em><\/p>\n<ul>\n<li>Hans H. Th. Sendler, Beweggr\u00fcnde zivilgesellschaftlichen Engagements, Sozialwirtschaft 3\/10 S. 36 &#8211; 37<\/li>\n<li>Hans H. Th. Sendler, Im Alter mit Musik aktiv \u2013 Wo stehen wir heute? Was sollte die Agenda der n\u00e4chsten Jahre sein?, Musikforum 3\/10 S. 58 &#8211; 59<\/li>\n<li>Hans H. Th. Sendler, \u00dcberleitungsmanagement in den aktiven Ruhestand \u2013 aus der Sicht der Gesundheitsf\u00f6rderung, BKK Gesundheitsreport 2010 S. 32 &#8211; 34<\/li>\n<li>Hans H. Th. Sendler, \u00c4rztliche T\u00e4tigkeit auch im Ruhestand \u2013 ein Beitrag zur D\u00e4mpfung des \u00c4rztemangels, Das Krankenhaus 3\/2011 S. 224 &#8211; 228<\/li>\n<li>Hans H. Th. Sendler, Arbeit im Rentenalter \u2013 gesundheits-, sozial- und arbeitspolitische Fragen, Sozialer Fortschritt 6\/2011 S. 131 \u2013 136<\/li>\n<li>Hans H. Th. Sendler, Freiwilligenmanagement &#8211; Motivation wecken, Begleitung organisieren, Sozialwirtschaft 5\/11 S. 18 \u2013 21<\/li>\n<li>Hans H. Th. Sendler, Buchbesprechung zu Handbuch Partizipation und Gesundheit, Rosenbrock,Rolf\/Hartung,Susanne (Hrsg.) Verlag Hans Huber, Bern, 1. Aufl. 2012, in Das Gesundheitswesen 10\/2012 S. 688<\/li>\n<li>Hans H. Th. Sendler, Kommunale Struktur f\u00fcr Engagement im demographischen Wandel am Beispiel freiwilligen Engagements im h\u00f6heren Alterssegment, BBE-Newsletter 06\/2013<\/li>\n<li>Hans H. Th. Sendler, Demografiemanagement in sozialen Einrichtungen, in Bundesarbeitsgemeinschaft der Freien Wohlfahrtspflege (Hrsg.), Besch\u00e4ftigung innovativ gestalten \u2013 Wertsch\u00f6pfung \u2013 Wertsch\u00e4tzung \u2013 Wettbewerb, Edition Sozialwirtschaft Band 37, Baden-Baden 2014 S. 219<\/li>\n<li>Hans H. Th. Sendler, Den Blick weiten, Sozialwirtschaft aktuell 13\/2014 S. 6<\/li>\n<li>Hans H. Th. Sendler, F\u00fcr Kompetenzbilanzen im Freiwilligen-Management, Sozialwirtschaft aktuell 5\/2014 S. 1<\/li>\n<li>Hans H. Th. Sendler \/ R\u00fcdiger Piorr, F\u00fcr eine bewusste neue Berufsetappe ab 55, Sozialer Fortschritt 6\/2014 S. 145<\/li>\n<li>Hans H. Th. Sendler, Schnittstelle zwischen Wirtschaft und b\u00fcrgerschaftlichem Engagement im demografischen Wandel weiterentwickeln &#8211; Pers\u00f6nliches Engagement durch Unternehmen nachhaltig erm\u00f6glichen, in Klein, A\/Sprengel, R\/Neuling, J (Hrsg.), Jahrbuch Engagementpolitik 2015, Schwalbach\/Ts. 2015 S. 63<\/li>\n<li>Hans H. Th. Sendler, Mit Kompetenzbilanzen zur Personalentwicklung, Neue Caritas 3\/2015 S. 28<\/li>\n<li>Hans H. Th. Sendler, B\u00fcrgerschaftlicher Eigensinn \u2013 eine wesentliche gesellschaftliche Ressource, BBE-Newsletter 25\/2015<\/li>\n<li>Ansgar Klein \/ Hans H. Th. Sendler, Infrastrukturelle Bedarfe des Engagements im demographischen Wandel, BBE-Newsletter 12\/2016<\/li>\n<li>K. J. G. Schmailzl\/ H. H. Th. Sendler, Networked Care: IT-assisted tools (wearable sensors) for patients at risk, in Boundaryless Hospital \u2013 Rethink and Redefine Health Care Management, H. Albach\/ H. Meffert\/ A. Pinkwart\/ R. Reichwald\/ W. v. Eiff (Hrsg.), Springer-Verlag Heidelberg 2016 S. 103-118, ISBN: 978-3-662-49012-9<\/li>\n<li>Hans H. Th. Sendler, Kompetenzbilanzen ex ante, BBE-Newsletter 21\/21016<\/li>\n<li>Manfred Spangenberg\/Tobias Baur\/Hans Sendler\/Serge Embacher, F\u00f6rderliche Rahmenbedingungen f\u00fcr Engagement, BBE-Online-Arbeitspapier Nr. 4 Berlin 2017, <a href=\"https:\/\/www.b-b-e.de\/publikationen\/onlinepublikationsreihen\/#c15\" target=\"_blank\" rel=\"noopener\">www.b-b-e.de\/publikationen\/onlinepublikationsreihen\/#c15<\/a> und BBE-Newsletter 21\/2017<\/li>\n<li>Hans H. Th. Sendler, Synergien zwischen Arbeitswelt und Drittem Sektor mit B\u00fcrgerschaftlichem Engagement nachhaltig beleben!, BBE-Newsletter 22\/2017<\/li>\n<li>Hans H. Th. Sendler, \u00dcber den Weg zum Eigensinn, BBE-Newsletter 24\/2017<\/li>\n<li>Hans H. Th. Sendler, Durch technischen Fortschritt erh\u00f6hte Chancen und Risiken bei Verkehrssicherung und Unfallpr\u00e4vention, Netzpraxis 12\/2017 S. 16<\/li>\n<li>Hans H. Th. Sendler, Berechtigte F\u00f6rder-Erwartungen zur Infrastruktur als taktische Falle?, BBE-Newsletter 3\/2018<\/li>\n<li>Hans H. Th. Sendler, Zivilgesellschaftliches Engagement im Koalitionsvertrag 7.2.18, BBE-Newsletter 6\/2018<\/li>\n<li>Hans H. Th. Sendler\/Kurt J. G. Schmailzl, Vertragsmanagement als operative Kerndisziplin der Gesundheits- und Sozialsysteme entwickeln, Welt der Krankenversicherung 5\/2018 S. 122 und 6\/2018 S. 155<\/li>\n<li>Hans H. Th. Sendler, Qualifikationsrahmen und Engagement, BBE-Newsletter f\u00fcr Engagement und Partizipation in Europa 7\/2018 und in Klein, A\/ Sprengel, R\/ Neuling, J (Hrsg.), Jahrbuch Engagementpolitik 2019, Frankfurt\/Main 2019, S. 157<\/li>\n<li>Hans Sendler\/Serge Embacher, Auf dem Weg zu neuen Synergien? Zur Kooperation von Unternehmen und gemeinn\u00fctzigen Organisationen, Jahrbuch Engagementpolitik 2020 S. 78 und BBE-Newsletter 18\/2019<\/li>\n<li>Hans Sendler, Kooperationskulturen zwischen Wirtschaft und Zivilgesellschaft, BBE-Newsletter 21\/2019<\/li>\n<li>Sendler, Hans, Recherchebericht Synergie Unternehmen\/Zivilgesellschaft, 2019, BBE Arbeitspapier Nr. 9, im Internet unter <a href=\"https:\/\/www.b-b-e.de\/publikationen\/arbeitspapiere\/\" target=\"_blank\" rel=\"noopener\">www.b-b-e.de\/publikationen\/arbeitspapiere<\/a> (eingesehen am 29.6.2020)<\/li>\n<li>Sendler, Hans, Mitwirkung als BBE-Themenpate Unternehmen und Engagement (siehe <a href=\"https:\/\/www.b-b-e.de\/unternehmen\/\" target=\"_blank\" rel=\"noopener\">www.b-b-e.de\/unternehmen<\/a>) mit Embacher, Serge f\u00fcr das BBE an folgenden Publikationen:\n<p>&#8211; Offensive Mittelstand (OM)\/Bundesnetzwerk B\u00fcrgerschaftliches Engagement (BBE), Zusammenarbeit gemeinn\u00fctziger Organisationen mit kleinen und mittleren Unternehmen in der Region. Leitfaden zur F\u00f6rderung der Synergien, 2019,im Internet unter <a href=\"https:\/\/www.b-b-e.de\/fileadmin\/Redaktion\/06_Service\/02_Publikationen\/2020\/2020-INQA-Leitfaden-Zusamenarbeit.pdf\" target=\"_blank\" rel=\"noopener\">www.b-b-e.de\/fileadmin\/Redaktion\/06_Service\/02_Publikationen\/2020\/2020-INQA-Leitfaden-Zusamenarbeit.pdf<\/a> (eingesehen am 29.6.2020)<\/p>\n<div>&#8211; Offensive Mittelstand (OM)\/Bundesnetzwerk B\u00fcrgerschaftliches Engagement (BBE), Praxishilfe f\u00fcr gemeinn\u00fctzige Organisationen. Zusammenarbeit mit KMU in der Region systematisch angehen. Neue Potenziale nutzen. Eine Selbstbewertung, 2019, im Internet unter <a href=\"https:\/\/www.b-b-e.de\/fileadmin\/Redaktion\/06_Service\/02_Publikationen\/2020\/2020-INQA-Praxishilfe-Gemeinnuetzig.pdf\" target=\"_blank\" rel=\"noopener\">www.b-b-e.de\/fileadmin\/Redaktion\/06_Service\/02_Publikationen\/2020\/2020-INQA-Praxishilfe-Gemeinnuetzig.pdf<\/a> (eingesehen am 29.6.2020)<\/p>\n<p>&#8211; Offensive Mittelstand (OM)\/Bundesnetzwerk B\u00fcrgerschaftliches Engagement (BBE), Praxishilfe f\u00fcr kleine und mittlere Unternehmen. Zusammenarbeit mit gemeinn\u00fctzigen Organisationen in der Region systematisch angehen. Neue Potenziale f\u00fcr ein erfolgreiches Unternehmen nutzen. Eine Selbstbewertung, 2019, im Internet unter <a href=\"https:\/\/www.b-b-e.de\/fileadmin\/Redaktion\/06_Service\/02_Publikationen\/2020\/2020-INQA-Praxishilfe-KMU.pdf\" target=\"_blank\" rel=\"noopener\">www.b-b-e.de\/fileadmin\/Redaktion\/06_Service\/02_Publikationen\/2020\/2020-INQA-Praxishilfe-KMU.pdf<\/a> (eingesehen am 29.6.2020)<\/p>\n<\/div>\n<\/li>\n<li>Hans Sendler, Klima-Synergie f\u00fcr die Vielen erleichtern &#8211; integrierende Klima-Informationsplattform aufbauen, BBE-Newsletter 4\/2020<\/li>\n<li>Hans Sendler, Trisektoralit\u00e4t und Corona-Krise, BBE-Newsletter 8\/2020<\/li>\n<li>Hans Sendler, Trisektoraler Bedarf an digitalen Informations- und Interaktions-Plattformen, BBE-Newsletter 2\/2021 und BBE-Dossier Nr. 10, Digitales Europa und Zivilgesellschaft, 2022, S. 44<\/li>\n<li>Hans Sendler, Trisektorale Infrastruktur im Lichte des Ampel-Koalitionsvertrages vom Dezember 2021, BBE-Newsletter 3\/2022<\/li>\n<li>Hans Sendler, Bildungs-Engagement besser beleuchten, BBE-Newsletter 9\/2022<\/li>\n<li>Hans Sendler, Die Gesellschaft braucht die \u00c4lteren, Deutsches Pfarrerinnen- und Pfarrerblatt 3\/2022 S. 181<\/li>\n<li>Hans Sendler, B\u00fcrger*innenr\u00e4te und Zivilgesellschaft, BBE-Newsletter 16\/2022<\/li>\n<li>Hans H. Th. Sendler, Lobbyarbeit f\u00fcr b\u00fcrgerschaftliches Engagement, 2022, BBE-Arbeitspapier Nr. 14, im Internet unter <a href=\"https:\/\/www.b-b-e.de\/publikationen\/arbeitspapiere\" target=\"_blank\" rel=\"noopener\">www.b-b-e.de\/publikationen\/arbeitspapiere<\/a><\/li>\n<li>Oleg Cernavin, Serge Embacher, Hans Sendler, Infrastrukturen der Engagementf\u00f6rderung trisektoral entwickeln, in Klein, A\/ Sprengel, R\/ Neuling, J (Hrsg.), Engagementstrategien und Engagementpolitik, Jahrbuch Engagementpolitik 2023, S.82<\/li>\n<\/ul>\n\t\t\t\t\t\t\t\t<\/div>\n\t\t\t\t<\/div>\n\t\t\t\t\t<\/div>\n\t\t<\/div>\n\t\t\t\t\t<\/div>\n\t\t<\/section>\n\t\t\t\t<\/div>\n\t\t","protected":false},"excerpt":{"rendered":"<p>More Information The latest publications by EUSENDOR authors and others Hans H. Th. Sendler, Beweggr\u00fcnde zivilgesellschaftlichen Engagements, Sozialwirtschaft 3\/10 S. 36 &#8211; 37 Hans H. Th. Sendler, Im Alter mit Musik aktiv \u2013 Wo stehen wir heute? Was sollte die Agenda der n\u00e4chsten Jahre sein?, Musikforum 3\/10 S. 58 &#8211; 59 Hans H. Th. Sendler, [&hellip;]<\/p>\n","protected":false},"author":2,"featured_media":0,"parent":0,"menu_order":60,"comment_status":"closed","ping_status":"closed","template":"elementor_header_footer","meta":{"footnotes":""},"class_list":["post-108","page","type-page","status-publish","hentry"],"yoast_head":"<!-- This site is optimized with the Yoast SEO plugin v27.6 - https:\/\/yoast.com\/product\/yoast-seo-wordpress\/ -->\n<title>EU | SEN | DOR - More Information<\/title>\n<meta name=\"robots\" content=\"index, follow, max-snippet:-1, max-image-preview:large, max-video-preview:-1\" \/>\n<link rel=\"canonical\" href=\"https:\/\/www.eusendor.com\/en\/more-information\/\" \/>\n<meta property=\"og:locale\" content=\"en_US\" \/>\n<meta property=\"og:type\" content=\"article\" \/>\n<meta property=\"og:title\" content=\"EU | SEN | DOR - More Information\" \/>\n<meta property=\"og:description\" content=\"More Information The latest publications by EUSENDOR authors and others Hans H. Th. Sendler, Beweggr\u00fcnde zivilgesellschaftlichen Engagements, Sozialwirtschaft 3\/10 S. 36 &#8211; 37 Hans H. Th. Sendler, Im Alter mit Musik aktiv \u2013 Wo stehen wir heute? Was sollte die Agenda der n\u00e4chsten Jahre sein?, Musikforum 3\/10 S. 58 &#8211; 59 Hans H. Th. Sendler, [&hellip;]\" \/>\n<meta property=\"og:url\" content=\"https:\/\/www.eusendor.com\/en\/more-information\/\" \/>\n<meta property=\"og:site_name\" content=\"eusendor.com\" \/>\n<meta property=\"article:modified_time\" content=\"2023-03-01T14:05:17+00:00\" \/>\n<meta name=\"twitter:card\" content=\"summary_large_image\" \/>\n<meta name=\"twitter:label1\" content=\"Est. reading time\" \/>\n\t<meta name=\"twitter:data1\" content=\"4 minutes\" \/>\n<script type=\"application\/ld+json\" class=\"yoast-schema-graph\">{\"@context\":\"https:\\\/\\\/schema.org\",\"@graph\":[{\"@type\":\"WebPage\",\"@id\":\"https:\\\/\\\/www.eusendor.com\\\/en\\\/more-information\\\/\",\"url\":\"https:\\\/\\\/www.eusendor.com\\\/en\\\/more-information\\\/\",\"name\":\"EU | SEN | DOR - More Information\",\"isPartOf\":{\"@id\":\"https:\\\/\\\/www.eusendor.com\\\/#website\"},\"datePublished\":\"2023-02-17T10:50:02+00:00\",\"dateModified\":\"2023-03-01T14:05:17+00:00\",\"breadcrumb\":{\"@id\":\"https:\\\/\\\/www.eusendor.com\\\/en\\\/more-information\\\/#breadcrumb\"},\"inLanguage\":\"en-US\",\"potentialAction\":[{\"@type\":\"ReadAction\",\"target\":[\"https:\\\/\\\/www.eusendor.com\\\/en\\\/more-information\\\/\"]}]},{\"@type\":\"BreadcrumbList\",\"@id\":\"https:\\\/\\\/www.eusendor.com\\\/en\\\/more-information\\\/#breadcrumb\",\"itemListElement\":[{\"@type\":\"ListItem\",\"position\":1,\"name\":\"Startseite\",\"item\":\"https:\\\/\\\/www.eusendor.com\\\/en\\\/startseite\\\/\"},{\"@type\":\"ListItem\",\"position\":2,\"name\":\"More Information\"}]},{\"@type\":\"WebSite\",\"@id\":\"https:\\\/\\\/www.eusendor.com\\\/#website\",\"url\":\"https:\\\/\\\/www.eusendor.com\\\/\",\"name\":\"eusendor.com\",\"description\":\"Willkommen bei EU | SEN | DOR - Konzeptagentur im demographischen Wandel\",\"potentialAction\":[{\"@type\":\"SearchAction\",\"target\":{\"@type\":\"EntryPoint\",\"urlTemplate\":\"https:\\\/\\\/www.eusendor.com\\\/?s={search_term_string}\"},\"query-input\":{\"@type\":\"PropertyValueSpecification\",\"valueRequired\":true,\"valueName\":\"search_term_string\"}}],\"inLanguage\":\"en-US\"}]}<\/script>\n<!-- \/ Yoast SEO plugin. -->","yoast_head_json":{"title":"EU | SEN | DOR - More Information","robots":{"index":"index","follow":"follow","max-snippet":"max-snippet:-1","max-image-preview":"max-image-preview:large","max-video-preview":"max-video-preview:-1"},"canonical":"https:\/\/www.eusendor.com\/en\/more-information\/","og_locale":"en_US","og_type":"article","og_title":"EU | SEN | DOR - More Information","og_description":"More Information The latest publications by EUSENDOR authors and others Hans H. Th. Sendler, Beweggr\u00fcnde zivilgesellschaftlichen Engagements, Sozialwirtschaft 3\/10 S. 36 &#8211; 37 Hans H. Th. Sendler, Im Alter mit Musik aktiv \u2013 Wo stehen wir heute? Was sollte die Agenda der n\u00e4chsten Jahre sein?, Musikforum 3\/10 S. 58 &#8211; 59 Hans H. Th. Sendler, [&hellip;]","og_url":"https:\/\/www.eusendor.com\/en\/more-information\/","og_site_name":"eusendor.com","article_modified_time":"2023-03-01T14:05:17+00:00","twitter_card":"summary_large_image","twitter_misc":{"Est. reading time":"4 minutes"},"schema":{"@context":"https:\/\/schema.org","@graph":[{"@type":"WebPage","@id":"https:\/\/www.eusendor.com\/en\/more-information\/","url":"https:\/\/www.eusendor.com\/en\/more-information\/","name":"EU | SEN | DOR - More Information","isPartOf":{"@id":"https:\/\/www.eusendor.com\/#website"},"datePublished":"2023-02-17T10:50:02+00:00","dateModified":"2023-03-01T14:05:17+00:00","breadcrumb":{"@id":"https:\/\/www.eusendor.com\/en\/more-information\/#breadcrumb"},"inLanguage":"en-US","potentialAction":[{"@type":"ReadAction","target":["https:\/\/www.eusendor.com\/en\/more-information\/"]}]},{"@type":"BreadcrumbList","@id":"https:\/\/www.eusendor.com\/en\/more-information\/#breadcrumb","itemListElement":[{"@type":"ListItem","position":1,"name":"Startseite","item":"https:\/\/www.eusendor.com\/en\/startseite\/"},{"@type":"ListItem","position":2,"name":"More Information"}]},{"@type":"WebSite","@id":"https:\/\/www.eusendor.com\/#website","url":"https:\/\/www.eusendor.com\/","name":"eusendor.com","description":"Willkommen bei EU | SEN | DOR - Konzeptagentur im demographischen Wandel","potentialAction":[{"@type":"SearchAction","target":{"@type":"EntryPoint","urlTemplate":"https:\/\/www.eusendor.com\/?s={search_term_string}"},"query-input":{"@type":"PropertyValueSpecification","valueRequired":true,"valueName":"search_term_string"}}],"inLanguage":"en-US"}]}},"_links":{"self":[{"href":"https:\/\/www.eusendor.com\/en\/wp-json\/wp\/v2\/pages\/108","targetHints":{"allow":["GET"]}}],"collection":[{"href":"https:\/\/www.eusendor.com\/en\/wp-json\/wp\/v2\/pages"}],"about":[{"href":"https:\/\/www.eusendor.com\/en\/wp-json\/wp\/v2\/types\/page"}],"author":[{"embeddable":true,"href":"https:\/\/www.eusendor.com\/en\/wp-json\/wp\/v2\/users\/2"}],"replies":[{"embeddable":true,"href":"https:\/\/www.eusendor.com\/en\/wp-json\/wp\/v2\/comments?post=108"}],"version-history":[{"count":7,"href":"https:\/\/www.eusendor.com\/en\/wp-json\/wp\/v2\/pages\/108\/revisions"}],"predecessor-version":[{"id":471,"href":"https:\/\/www.eusendor.com\/en\/wp-json\/wp\/v2\/pages\/108\/revisions\/471"}],"wp:attachment":[{"href":"https:\/\/www.eusendor.com\/en\/wp-json\/wp\/v2\/media?parent=108"}],"curies":[{"name":"wp","href":"https:\/\/api.w.org\/{rel}","templated":true}]}}